{"id":78,"date":"2019-04-27T20:39:46","date_gmt":"2019-04-27T20:39:46","guid":{"rendered":"http:\/\/tus08senne1-fussball.de\/?page_id=78"},"modified":"2020-06-08T13:37:34","modified_gmt":"2020-06-08T13:37:34","slug":"homepage","status":"publish","type":"page","link":"http:\/\/tus08senne1-volleyball.de\/","title":{"rendered":"Homepage"},"content":{"rendered":"<div id=\"pl-78\"  class=\"panel-layout\" ><div id=\"pg-78-0\"  class=\"panel-grid panel-has-style\" ><div class=\"wide-grey panel-row-style panel-row-style-for-78-0\" ><div id=\"pgc-78-0-0\"  class=\"panel-grid-cell\" ><div id=\"panel-78-0-0-0\" class=\"so-panel widget widget_text panel-first-child\" data-index=\"0\" ><h3 class=\"widget-title\">Willkommen in der Volleyball-Abteilung des TuS 08 Senne I e.V.<\/h3>\t\t\t<div class=\"textwidget\"><\/div>\n\t\t<\/div><div id=\"panel-78-0-0-1\" class=\"so-panel widget widget_sow-editor panel-last-child\" data-index=\"1\" ><div\n\t\t\t\n\t\t\tclass=\"so-widget-sow-editor so-widget-sow-editor-base\"\n\t\t\t\n\t\t>\n<div class=\"siteorigin-widget-tinymce textwidget\">\n\t<p>Die Volleyball-Abteilung l\u00e4dt alle ein, die Spa\u00df am Volleyball haben, aber ohne \u00fcbertriebenen Ehrgeiz spielen m\u00f6chten. Wir nehmen an keinen Punktspielen teil.<\/p>\n<p>Zur Zeit werden folgende Spielgruppen angeboten:<\/p>\n<\/div>\n<\/div><\/div><\/div><div id=\"pgc-78-0-1\"  class=\"panel-grid-cell\" ><div id=\"panel-78-0-1-0\" class=\"so-panel widget widget_category-posts cat-post-widget panel-first-child panel-last-child\" data-index=\"2\" ><div class=\"panel-widget-style panel-widget-style-for-78-0-1-0\" ><h3 class=\"widget-title\">News und Mitteilungen<\/h3>Aktuell gibt es keine Mitteilungen.<\/div><\/div><\/div><\/div><\/div><div id=\"pg-78-1\"  class=\"panel-grid panel-no-style\" ><div id=\"pgc-78-1-0\"  class=\"panel-grid-cell\" ><div id=\"panel-78-1-0-0\" class=\"widget_text so-panel widget widget_custom_html panel-first-child\" data-index=\"3\" ><div class=\"textwidget custom-html-widget\">\n<table id=\"tablepress-1-no-2\" class=\"tablepress tablepress-id-1\">\n<thead>\n<tr class=\"row-1\">\n\t<th class=\"column-1\"><strong>Gruppe<\/strong><\/th><th class=\"column-2\"><strong>Zeit<\/strong><\/th><th class=\"column-3\">Ort<strong><\/th><th class=\"column-4\"><strong>\u00dcbungsleiter<\/strong><\/th><th class=\"column-5\"><strong>Kontakt<\/strong><\/th>\n<\/tr>\n<\/thead>\n<tbody class=\"row-striping row-hover\">\n<tr class=\"row-2\">\n\t<td class=\"column-1\">Volleyball Hobby Mixed<\/td><td class=\"column-2\">Mo. 20:00 - 22:00<\/td><td class=\"column-3\">Schulzentrum Senne<\/td><td class=\"column-4\">Dieter Binder<\/td><td class=\"column-5\">05241-73304<\/td>\n<\/tr>\n<tr class=\"row-3\">\n\t<td class=\"column-1\">Volleyball Hobby Mixed<\/td><td class=\"column-2\">Fr. 20:00 \u2013 22:00<\/td><td class=\"column-3\">Bahnhofschule<\/td><td class=\"column-4\">Norbert Schmidt<\/td><td class=\"column-5\">0521-493364<\/td>\n<\/tr>\n<\/tbody>\n<\/table>\n<!-- #tablepress-1-no-2 from cache --><\/div><\/div><div id=\"panel-78-1-0-1\" class=\"widget_text so-panel widget widget_custom_html panel-last-child\" data-index=\"4\" ><div class=\"textwidget custom-html-widget\">\n<table id=\"tablepress-2-no-2\" class=\"tablepress tablepress-id-2\">\n<thead>\n<tr class=\"row-1\">\n\t<th class=\"column-1\">Ansprechpartner<\/th><td class=\"column-2\"><\/td><td class=\"column-3\"><\/td><td class=\"column-4\"><\/td>\n<\/tr>\n<\/thead>\n<tbody class=\"row-hover\">\n<tr class=\"row-2\">\n\t<td class=\"column-1\">Abteilungsleiter<\/td><td class=\"column-2\">Dieter Binder<\/td><td class=\"column-3\">dieter.binder [at] mein.gmx<\/td><td class=\"column-4\">05241-73304<\/td>\n<\/tr>\n<tr class=\"row-3\">\n\t<td class=\"column-1\">Kassenwart<\/td><td class=\"column-2\">Norbert Schmidt<\/td><td class=\"column-3\">norbert.schmidt [at] profschmidt.de<\/td><td class=\"column-4\">0521-493364<\/td>\n<\/tr>\n<\/tbody>\n<\/table>\n<!-- #tablepress-2-no-2 from cache --><\/div><\/div><\/div><\/div><\/div>","protected":false},"excerpt":{"rendered":"<p>Die Volleyball-Abteilung l\u00e4dt alle ein, die Spa\u00df am Volleyball haben, aber ohne \u00fcbertriebenen Ehrgeiz spielen m\u00f6chten. Wir nehmen an keinen Punktspielen teil. Zur Zeit werden folgende Spielgruppen angeboten:<\/p>\n","protected":false},"author":14,"featured_media":0,"parent":0,"menu_order":0,"comment_status":"closed","ping_status":"closed","template":"templates\/template-full.php","meta":{"footnotes":""},"class_list":["post-78","page","type-page","status-publish","hentry","post"],"_links":{"self":[{"href":"http:\/\/tus08senne1-volleyball.de\/index.php?rest_route=\/wp\/v2\/pages\/78","targetHints":{"allow":["GET"]}}],"collection":[{"href":"http:\/\/tus08senne1-volleyball.de\/index.php?rest_route=\/wp\/v2\/pages"}],"about":[{"href":"http:\/\/tus08senne1-volleyball.de\/index.php?rest_route=\/wp\/v2\/types\/page"}],"author":[{"embeddable":true,"href":"http:\/\/tus08senne1-volleyball.de\/index.php?rest_route=\/wp\/v2\/users\/14"}],"replies":[{"embeddable":true,"href":"http:\/\/tus08senne1-volleyball.de\/index.php?rest_route=%2Fwp%2Fv2%2Fcomments&post=78"}],"version-history":[{"count":430,"href":"http:\/\/tus08senne1-volleyball.de\/index.php?rest_route=\/wp\/v2\/pages\/78\/revisions"}],"predecessor-version":[{"id":1596,"href":"http:\/\/tus08senne1-volleyball.de\/index.php?rest_route=\/wp\/v2\/pages\/78\/revisions\/1596"}],"wp:attachment":[{"href":"http:\/\/tus08senne1-volleyball.de\/index.php?rest_route=%2Fwp%2Fv2%2Fmedia&parent=78"}],"curies":[{"name":"wp","href":"https:\/\/api.w.org\/{rel}","templated":true}]}}